{"id":275,"date":"2025-04-10T15:57:27","date_gmt":"2025-04-10T18:57:27","guid":{"rendered":"https:\/\/patagoniafresh.com\/?page_id=275"},"modified":"2025-06-25T12:16:02","modified_gmt":"2025-06-25T15:16:02","slug":"nuestras-plantas","status":"publish","type":"page","link":"https:\/\/patagoniafresh.com\/en\/nuestras-plantas\/","title":{"rendered":"Our plants"},"content":{"rendered":"","protected":false},"excerpt":{"rendered":"","protected":false},"author":1,"featured_media":1309,"parent":0,"menu_order":0,"comment_status":"closed","ping_status":"closed","template":"page-templates\/page-whereweare.php","meta":{"_acf_changed":false,"footnotes":""},"class_list":["post-275","page","type-page","status-publish","has-post-thumbnail","hentry"],"acf":[],"yoast_head":"<!-- This site is optimized with the Yoast SEO plugin v25.0 - https:\/\/yoast.com\/wordpress\/plugins\/seo\/ -->\n<title>Nuestras plantas - Patagoniafresh<\/title>\n<meta name=\"description\" content=\"En Patagoniafresh, cada uno de nuestros productos refleja la esencia de la naturaleza. Nuestras ubicaciones estrat\u00e9gicas, en tierras f\u00e9rtiles y con climas ideales, nos permiten ofrecer ingredientesfrescos, llenos de sabor, color y la m\u00e1s alta calidad.\" \/>\n<meta name=\"robots\" content=\"index, follow, max-snippet:-1, max-image-preview:large, max-video-preview:-1\" \/>\n<link rel=\"canonical\" href=\"https:\/\/patagoniafresh.com\/en\/nuestras-plantas\/\" \/>\n<meta property=\"og:locale\" content=\"en_US\" \/>\n<meta property=\"og:type\" content=\"article\" \/>\n<meta property=\"og:title\" content=\"Nuestras plantas - Patagoniafresh\" \/>\n<meta property=\"og:description\" content=\"En Patagoniafresh, cada uno de nuestros productos refleja la esencia de la naturaleza. Nuestras ubicaciones estrat\u00e9gicas, en tierras f\u00e9rtiles y con climas ideales, nos permiten ofrecer ingredientesfrescos, llenos de sabor, color y la m\u00e1s alta calidad.\" \/>\n<meta property=\"og:url\" content=\"https:\/\/patagoniafresh.com\/en\/nuestras-plantas\/\" \/>\n<meta property=\"og:site_name\" content=\"Patagoniafresh\" \/>\n<meta property=\"article:modified_time\" content=\"2025-06-25T15:16:02+00:00\" \/>\n<meta property=\"og:image\" content=\"https:\/\/patagoniafresh.com\/wp-content\/uploads\/2025\/06\/Escritorio-Nuestras-Plantas.jpg\" \/>\n\t<meta property=\"og:image:width\" content=\"1920\" \/>\n\t<meta property=\"og:image:height\" content=\"790\" \/>\n\t<meta property=\"og:image:type\" content=\"image\/jpeg\" \/>\n<meta name=\"twitter:card\" content=\"summary_large_image\" \/>\n<meta name=\"twitter:label1\" content=\"Est. reading time\" \/>\n\t<meta name=\"twitter:data1\" content=\"1 minute\" \/>\n<script type=\"application\/ld+json\" class=\"yoast-schema-graph\">{\"@context\":\"https:\/\/schema.org\",\"@graph\":[{\"@type\":\"WebPage\",\"@id\":\"https:\/\/patagoniafresh.com\/nuestras-plantas\/\",\"url\":\"https:\/\/patagoniafresh.com\/nuestras-plantas\/\",\"name\":\"Nuestras plantas - Patagoniafresh\",\"isPartOf\":{\"@id\":\"https:\/\/patagoniafresh.com\/#website\"},\"primaryImageOfPage\":{\"@id\":\"https:\/\/patagoniafresh.com\/nuestras-plantas\/#primaryimage\"},\"image\":{\"@id\":\"https:\/\/patagoniafresh.com\/nuestras-plantas\/#primaryimage\"},\"thumbnailUrl\":\"https:\/\/patagoniafresh.com\/wp-content\/uploads\/2025\/06\/Escritorio-Nuestras-Plantas.jpg\",\"datePublished\":\"2025-04-10T18:57:27+00:00\",\"dateModified\":\"2025-06-25T15:16:02+00:00\",\"description\":\"En Patagoniafresh, cada uno de nuestros productos refleja la esencia de la naturaleza. Nuestras ubicaciones estrat\u00e9gicas, en tierras f\u00e9rtiles y con climas ideales, nos permiten ofrecer ingredientesfrescos, llenos de sabor, color y la m\u00e1s alta calidad.\",\"breadcrumb\":{\"@id\":\"https:\/\/patagoniafresh.com\/nuestras-plantas\/#breadcrumb\"},\"inLanguage\":\"en-US\",\"potentialAction\":[{\"@type\":\"ReadAction\",\"target\":[\"https:\/\/patagoniafresh.com\/nuestras-plantas\/\"]}]},{\"@type\":\"ImageObject\",\"inLanguage\":\"en-US\",\"@id\":\"https:\/\/patagoniafresh.com\/nuestras-plantas\/#primaryimage\",\"url\":\"https:\/\/patagoniafresh.com\/wp-content\/uploads\/2025\/06\/Escritorio-Nuestras-Plantas.jpg\",\"contentUrl\":\"https:\/\/patagoniafresh.com\/wp-content\/uploads\/2025\/06\/Escritorio-Nuestras-Plantas.jpg\",\"width\":1920,\"height\":790},{\"@type\":\"BreadcrumbList\",\"@id\":\"https:\/\/patagoniafresh.com\/nuestras-plantas\/#breadcrumb\",\"itemListElement\":[{\"@type\":\"ListItem\",\"position\":1,\"name\":\"Portada\",\"item\":\"https:\/\/patagoniafresh.com\/\"},{\"@type\":\"ListItem\",\"position\":2,\"name\":\"Nuestras plantas\"}]},{\"@type\":\"WebSite\",\"@id\":\"https:\/\/patagoniafresh.com\/#website\",\"url\":\"https:\/\/patagoniafresh.com\/\",\"name\":\"Patagoniafresh\",\"description\":\"\",\"publisher\":{\"@id\":\"https:\/\/patagoniafresh.com\/#organization\"},\"potentialAction\":[{\"@type\":\"SearchAction\",\"target\":{\"@type\":\"EntryPoint\",\"urlTemplate\":\"https:\/\/patagoniafresh.com\/?s={search_term_string}\"},\"query-input\":{\"@type\":\"PropertyValueSpecification\",\"valueRequired\":true,\"valueName\":\"search_term_string\"}}],\"inLanguage\":\"en-US\"},{\"@type\":\"Organization\",\"@id\":\"https:\/\/patagoniafresh.com\/#organization\",\"name\":\"Patagoniafresh\",\"url\":\"https:\/\/patagoniafresh.com\/\",\"logo\":{\"@type\":\"ImageObject\",\"inLanguage\":\"en-US\",\"@id\":\"https:\/\/patagoniafresh.com\/#\/schema\/logo\/image\/\",\"url\":\"https:\/\/patagoniafresh.com\/wp-content\/uploads\/2025\/03\/logo.png\",\"contentUrl\":\"https:\/\/patagoniafresh.com\/wp-content\/uploads\/2025\/03\/logo.png\",\"width\":1066,\"height\":342,\"caption\":\"Patagoniafresh\"},\"image\":{\"@id\":\"https:\/\/patagoniafresh.com\/#\/schema\/logo\/image\/\"}}]}<\/script>\n<!-- \/ Yoast SEO plugin. -->","yoast_head_json":{"title":"Nuestras plantas - Patagoniafresh","description":"En Patagoniafresh, cada uno de nuestros productos refleja la esencia de la naturaleza. Nuestras ubicaciones estrat\u00e9gicas, en tierras f\u00e9rtiles y con climas ideales, nos permiten ofrecer ingredientesfrescos, llenos de sabor, color y la m\u00e1s alta calidad.","robots":{"index":"index","follow":"follow","max-snippet":"max-snippet:-1","max-image-preview":"max-image-preview:large","max-video-preview":"max-video-preview:-1"},"canonical":"https:\/\/patagoniafresh.com\/en\/nuestras-plantas\/","og_locale":"en_US","og_type":"article","og_title":"Nuestras plantas - Patagoniafresh","og_description":"En Patagoniafresh, cada uno de nuestros productos refleja la esencia de la naturaleza. Nuestras ubicaciones estrat\u00e9gicas, en tierras f\u00e9rtiles y con climas ideales, nos permiten ofrecer ingredientesfrescos, llenos de sabor, color y la m\u00e1s alta calidad.","og_url":"https:\/\/patagoniafresh.com\/en\/nuestras-plantas\/","og_site_name":"Patagoniafresh","article_modified_time":"2025-06-25T15:16:02+00:00","og_image":[{"width":1920,"height":790,"url":"https:\/\/patagoniafresh.com\/wp-content\/uploads\/2025\/06\/Escritorio-Nuestras-Plantas.jpg","type":"image\/jpeg"}],"twitter_card":"summary_large_image","twitter_misc":{"Est. reading time":"1 minute"},"schema":{"@context":"https:\/\/schema.org","@graph":[{"@type":"WebPage","@id":"https:\/\/patagoniafresh.com\/nuestras-plantas\/","url":"https:\/\/patagoniafresh.com\/nuestras-plantas\/","name":"Nuestras plantas - Patagoniafresh","isPartOf":{"@id":"https:\/\/patagoniafresh.com\/#website"},"primaryImageOfPage":{"@id":"https:\/\/patagoniafresh.com\/nuestras-plantas\/#primaryimage"},"image":{"@id":"https:\/\/patagoniafresh.com\/nuestras-plantas\/#primaryimage"},"thumbnailUrl":"https:\/\/patagoniafresh.com\/wp-content\/uploads\/2025\/06\/Escritorio-Nuestras-Plantas.jpg","datePublished":"2025-04-10T18:57:27+00:00","dateModified":"2025-06-25T15:16:02+00:00","description":"En Patagoniafresh, cada uno de nuestros productos refleja la esencia de la naturaleza. Nuestras ubicaciones estrat\u00e9gicas, en tierras f\u00e9rtiles y con climas ideales, nos permiten ofrecer ingredientesfrescos, llenos de sabor, color y la m\u00e1s alta calidad.","breadcrumb":{"@id":"https:\/\/patagoniafresh.com\/nuestras-plantas\/#breadcrumb"},"inLanguage":"en-US","potentialAction":[{"@type":"ReadAction","target":["https:\/\/patagoniafresh.com\/nuestras-plantas\/"]}]},{"@type":"ImageObject","inLanguage":"en-US","@id":"https:\/\/patagoniafresh.com\/nuestras-plantas\/#primaryimage","url":"https:\/\/patagoniafresh.com\/wp-content\/uploads\/2025\/06\/Escritorio-Nuestras-Plantas.jpg","contentUrl":"https:\/\/patagoniafresh.com\/wp-content\/uploads\/2025\/06\/Escritorio-Nuestras-Plantas.jpg","width":1920,"height":790},{"@type":"BreadcrumbList","@id":"https:\/\/patagoniafresh.com\/nuestras-plantas\/#breadcrumb","itemListElement":[{"@type":"ListItem","position":1,"name":"Portada","item":"https:\/\/patagoniafresh.com\/"},{"@type":"ListItem","position":2,"name":"Nuestras plantas"}]},{"@type":"WebSite","@id":"https:\/\/patagoniafresh.com\/#website","url":"https:\/\/patagoniafresh.com\/","name":"Patagoniafresh","description":"","publisher":{"@id":"https:\/\/patagoniafresh.com\/#organization"},"potentialAction":[{"@type":"SearchAction","target":{"@type":"EntryPoint","urlTemplate":"https:\/\/patagoniafresh.com\/?s={search_term_string}"},"query-input":{"@type":"PropertyValueSpecification","valueRequired":true,"valueName":"search_term_string"}}],"inLanguage":"en-US"},{"@type":"Organization","@id":"https:\/\/patagoniafresh.com\/#organization","name":"Patagoniafresh","url":"https:\/\/patagoniafresh.com\/","logo":{"@type":"ImageObject","inLanguage":"en-US","@id":"https:\/\/patagoniafresh.com\/#\/schema\/logo\/image\/","url":"https:\/\/patagoniafresh.com\/wp-content\/uploads\/2025\/03\/logo.png","contentUrl":"https:\/\/patagoniafresh.com\/wp-content\/uploads\/2025\/03\/logo.png","width":1066,"height":342,"caption":"Patagoniafresh"},"image":{"@id":"https:\/\/patagoniafresh.com\/#\/schema\/logo\/image\/"}}]}},"_links":{"self":[{"href":"https:\/\/patagoniafresh.com\/en\/wp-json\/wp\/v2\/pages\/275","targetHints":{"allow":["GET"]}}],"collection":[{"href":"https:\/\/patagoniafresh.com\/en\/wp-json\/wp\/v2\/pages"}],"about":[{"href":"https:\/\/patagoniafresh.com\/en\/wp-json\/wp\/v2\/types\/page"}],"author":[{"embeddable":true,"href":"https:\/\/patagoniafresh.com\/en\/wp-json\/wp\/v2\/users\/1"}],"replies":[{"embeddable":true,"href":"https:\/\/patagoniafresh.com\/en\/wp-json\/wp\/v2\/comments?post=275"}],"version-history":[{"count":76,"href":"https:\/\/patagoniafresh.com\/en\/wp-json\/wp\/v2\/pages\/275\/revisions"}],"predecessor-version":[{"id":1335,"href":"https:\/\/patagoniafresh.com\/en\/wp-json\/wp\/v2\/pages\/275\/revisions\/1335"}],"wp:featuredmedia":[{"embeddable":true,"href":"https:\/\/patagoniafresh.com\/en\/wp-json\/wp\/v2\/media\/1309"}],"wp:attachment":[{"href":"https:\/\/patagoniafresh.com\/en\/wp-json\/wp\/v2\/media?parent=275"}],"curies":[{"name":"wp","href":"https:\/\/api.w.org\/{rel}","templated":true}]}}