{"id":326,"date":"2025-04-10T18:00:23","date_gmt":"2025-04-10T21:00:23","guid":{"rendered":"https:\/\/patagoniafresh.com\/?page_id=326"},"modified":"2025-05-13T17:32:57","modified_gmt":"2025-05-13T20:32:57","slug":"por-que-elegirnos","status":"publish","type":"page","link":"https:\/\/patagoniafresh.com\/en\/por-que-elegirnos\/","title":{"rendered":"Por qu\u00e9 elegirnos"},"content":{"rendered":"","protected":false},"excerpt":{"rendered":"","protected":false},"author":1,"featured_media":341,"parent":0,"menu_order":0,"comment_status":"closed","ping_status":"closed","template":"page-templates\/page-whychooseus.php","meta":{"_acf_changed":false,"footnotes":""},"class_list":["post-326","page","type-page","status-publish","has-post-thumbnail","hentry"],"acf":[],"yoast_head":"<!-- This site is optimized with the Yoast SEO plugin v25.0 - https:\/\/yoast.com\/wordpress\/plugins\/seo\/ -->\n<title>Por qu\u00e9 elegirnos - Patagoniafresh<\/title>\n<meta name=\"description\" content=\"En nuestra empresa, nos comprometemos a mejorar la calidad de vida de las personas. Desde la frescura de nuestras frutas y vegetales hasta la pureza de nuestros procesos, nuestra oferta est\u00e1 dise\u00f1ada para brindar beneficios aut\u00e9nticos y sostenibles.\" \/>\n<meta name=\"robots\" content=\"index, follow, max-snippet:-1, max-image-preview:large, max-video-preview:-1\" \/>\n<link rel=\"canonical\" href=\"https:\/\/patagoniafresh.com\/en\/por-que-elegirnos\/\" \/>\n<meta property=\"og:locale\" content=\"en_US\" \/>\n<meta property=\"og:type\" content=\"article\" \/>\n<meta property=\"og:title\" content=\"Por qu\u00e9 elegirnos - Patagoniafresh\" \/>\n<meta property=\"og:description\" content=\"En nuestra empresa, nos comprometemos a mejorar la calidad de vida de las personas. Desde la frescura de nuestras frutas y vegetales hasta la pureza de nuestros procesos, nuestra oferta est\u00e1 dise\u00f1ada para brindar beneficios aut\u00e9nticos y sostenibles.\" \/>\n<meta property=\"og:url\" content=\"https:\/\/patagoniafresh.com\/en\/por-que-elegirnos\/\" \/>\n<meta property=\"og:site_name\" content=\"Patagoniafresh\" \/>\n<meta property=\"article:modified_time\" content=\"2025-05-13T20:32:57+00:00\" \/>\n<meta property=\"og:image\" content=\"https:\/\/patagoniafresh.com\/wp-content\/uploads\/2025\/04\/saludable-nutritivo.png\" \/>\n\t<meta property=\"og:image:width\" content=\"1200\" \/>\n\t<meta property=\"og:image:height\" content=\"833\" \/>\n\t<meta property=\"og:image:type\" content=\"image\/png\" \/>\n<meta name=\"twitter:card\" content=\"summary_large_image\" \/>\n<meta name=\"twitter:label1\" content=\"Est. reading time\" \/>\n\t<meta name=\"twitter:data1\" content=\"1 minute\" \/>\n<script type=\"application\/ld+json\" class=\"yoast-schema-graph\">{\"@context\":\"https:\/\/schema.org\",\"@graph\":[{\"@type\":\"WebPage\",\"@id\":\"https:\/\/patagoniafresh.com\/en\/por-que-elegirnos\/\",\"url\":\"https:\/\/patagoniafresh.com\/en\/por-que-elegirnos\/\",\"name\":\"Por qu\u00e9 elegirnos - Patagoniafresh\",\"isPartOf\":{\"@id\":\"https:\/\/patagoniafresh.com\/#website\"},\"primaryImageOfPage\":{\"@id\":\"https:\/\/patagoniafresh.com\/en\/por-que-elegirnos\/#primaryimage\"},\"image\":{\"@id\":\"https:\/\/patagoniafresh.com\/en\/por-que-elegirnos\/#primaryimage\"},\"thumbnailUrl\":\"https:\/\/patagoniafresh.com\/wp-content\/uploads\/2025\/04\/saludable-nutritivo.png\",\"datePublished\":\"2025-04-10T21:00:23+00:00\",\"dateModified\":\"2025-05-13T20:32:57+00:00\",\"description\":\"En nuestra empresa, nos comprometemos a mejorar la calidad de vida de las personas. Desde la frescura de nuestras frutas y vegetales hasta la pureza de nuestros procesos, nuestra oferta est\u00e1 dise\u00f1ada para brindar beneficios aut\u00e9nticos y sostenibles.\",\"breadcrumb\":{\"@id\":\"https:\/\/patagoniafresh.com\/en\/por-que-elegirnos\/#breadcrumb\"},\"inLanguage\":\"en-US\",\"potentialAction\":[{\"@type\":\"ReadAction\",\"target\":[\"https:\/\/patagoniafresh.com\/en\/por-que-elegirnos\/\"]}]},{\"@type\":\"ImageObject\",\"inLanguage\":\"en-US\",\"@id\":\"https:\/\/patagoniafresh.com\/en\/por-que-elegirnos\/#primaryimage\",\"url\":\"https:\/\/patagoniafresh.com\/wp-content\/uploads\/2025\/04\/saludable-nutritivo.png\",\"contentUrl\":\"https:\/\/patagoniafresh.com\/wp-content\/uploads\/2025\/04\/saludable-nutritivo.png\",\"width\":1200,\"height\":833},{\"@type\":\"BreadcrumbList\",\"@id\":\"https:\/\/patagoniafresh.com\/en\/por-que-elegirnos\/#breadcrumb\",\"itemListElement\":[{\"@type\":\"ListItem\",\"position\":1,\"name\":\"Portada\",\"item\":\"https:\/\/patagoniafresh.com\/\"},{\"@type\":\"ListItem\",\"position\":2,\"name\":\"Por qu\u00e9 elegirnos\"}]},{\"@type\":\"WebSite\",\"@id\":\"https:\/\/patagoniafresh.com\/#website\",\"url\":\"https:\/\/patagoniafresh.com\/\",\"name\":\"Patagoniafresh\",\"description\":\"\",\"publisher\":{\"@id\":\"https:\/\/patagoniafresh.com\/#organization\"},\"potentialAction\":[{\"@type\":\"SearchAction\",\"target\":{\"@type\":\"EntryPoint\",\"urlTemplate\":\"https:\/\/patagoniafresh.com\/?s={search_term_string}\"},\"query-input\":{\"@type\":\"PropertyValueSpecification\",\"valueRequired\":true,\"valueName\":\"search_term_string\"}}],\"inLanguage\":\"en-US\"},{\"@type\":\"Organization\",\"@id\":\"https:\/\/patagoniafresh.com\/#organization\",\"name\":\"Patagoniafresh\",\"url\":\"https:\/\/patagoniafresh.com\/\",\"logo\":{\"@type\":\"ImageObject\",\"inLanguage\":\"en-US\",\"@id\":\"https:\/\/patagoniafresh.com\/#\/schema\/logo\/image\/\",\"url\":\"https:\/\/patagoniafresh.com\/wp-content\/uploads\/2025\/03\/logo.png\",\"contentUrl\":\"https:\/\/patagoniafresh.com\/wp-content\/uploads\/2025\/03\/logo.png\",\"width\":1066,\"height\":342,\"caption\":\"Patagoniafresh\"},\"image\":{\"@id\":\"https:\/\/patagoniafresh.com\/#\/schema\/logo\/image\/\"}}]}<\/script>\n<!-- \/ Yoast SEO plugin. -->","yoast_head_json":{"title":"Por qu\u00e9 elegirnos - Patagoniafresh","description":"En nuestra empresa, nos comprometemos a mejorar la calidad de vida de las personas. Desde la frescura de nuestras frutas y vegetales hasta la pureza de nuestros procesos, nuestra oferta est\u00e1 dise\u00f1ada para brindar beneficios aut\u00e9nticos y sostenibles.","robots":{"index":"index","follow":"follow","max-snippet":"max-snippet:-1","max-image-preview":"max-image-preview:large","max-video-preview":"max-video-preview:-1"},"canonical":"https:\/\/patagoniafresh.com\/en\/por-que-elegirnos\/","og_locale":"en_US","og_type":"article","og_title":"Por qu\u00e9 elegirnos - Patagoniafresh","og_description":"En nuestra empresa, nos comprometemos a mejorar la calidad de vida de las personas. Desde la frescura de nuestras frutas y vegetales hasta la pureza de nuestros procesos, nuestra oferta est\u00e1 dise\u00f1ada para brindar beneficios aut\u00e9nticos y sostenibles.","og_url":"https:\/\/patagoniafresh.com\/en\/por-que-elegirnos\/","og_site_name":"Patagoniafresh","article_modified_time":"2025-05-13T20:32:57+00:00","og_image":[{"width":1200,"height":833,"url":"https:\/\/patagoniafresh.com\/wp-content\/uploads\/2025\/04\/saludable-nutritivo.png","type":"image\/png"}],"twitter_card":"summary_large_image","twitter_misc":{"Est. reading time":"1 minute"},"schema":{"@context":"https:\/\/schema.org","@graph":[{"@type":"WebPage","@id":"https:\/\/patagoniafresh.com\/en\/por-que-elegirnos\/","url":"https:\/\/patagoniafresh.com\/en\/por-que-elegirnos\/","name":"Por qu\u00e9 elegirnos - Patagoniafresh","isPartOf":{"@id":"https:\/\/patagoniafresh.com\/#website"},"primaryImageOfPage":{"@id":"https:\/\/patagoniafresh.com\/en\/por-que-elegirnos\/#primaryimage"},"image":{"@id":"https:\/\/patagoniafresh.com\/en\/por-que-elegirnos\/#primaryimage"},"thumbnailUrl":"https:\/\/patagoniafresh.com\/wp-content\/uploads\/2025\/04\/saludable-nutritivo.png","datePublished":"2025-04-10T21:00:23+00:00","dateModified":"2025-05-13T20:32:57+00:00","description":"En nuestra empresa, nos comprometemos a mejorar la calidad de vida de las personas. Desde la frescura de nuestras frutas y vegetales hasta la pureza de nuestros procesos, nuestra oferta est\u00e1 dise\u00f1ada para brindar beneficios aut\u00e9nticos y sostenibles.","breadcrumb":{"@id":"https:\/\/patagoniafresh.com\/en\/por-que-elegirnos\/#breadcrumb"},"inLanguage":"en-US","potentialAction":[{"@type":"ReadAction","target":["https:\/\/patagoniafresh.com\/en\/por-que-elegirnos\/"]}]},{"@type":"ImageObject","inLanguage":"en-US","@id":"https:\/\/patagoniafresh.com\/en\/por-que-elegirnos\/#primaryimage","url":"https:\/\/patagoniafresh.com\/wp-content\/uploads\/2025\/04\/saludable-nutritivo.png","contentUrl":"https:\/\/patagoniafresh.com\/wp-content\/uploads\/2025\/04\/saludable-nutritivo.png","width":1200,"height":833},{"@type":"BreadcrumbList","@id":"https:\/\/patagoniafresh.com\/en\/por-que-elegirnos\/#breadcrumb","itemListElement":[{"@type":"ListItem","position":1,"name":"Portada","item":"https:\/\/patagoniafresh.com\/"},{"@type":"ListItem","position":2,"name":"Por qu\u00e9 elegirnos"}]},{"@type":"WebSite","@id":"https:\/\/patagoniafresh.com\/#website","url":"https:\/\/patagoniafresh.com\/","name":"Patagoniafresh","description":"","publisher":{"@id":"https:\/\/patagoniafresh.com\/#organization"},"potentialAction":[{"@type":"SearchAction","target":{"@type":"EntryPoint","urlTemplate":"https:\/\/patagoniafresh.com\/?s={search_term_string}"},"query-input":{"@type":"PropertyValueSpecification","valueRequired":true,"valueName":"search_term_string"}}],"inLanguage":"en-US"},{"@type":"Organization","@id":"https:\/\/patagoniafresh.com\/#organization","name":"Patagoniafresh","url":"https:\/\/patagoniafresh.com\/","logo":{"@type":"ImageObject","inLanguage":"en-US","@id":"https:\/\/patagoniafresh.com\/#\/schema\/logo\/image\/","url":"https:\/\/patagoniafresh.com\/wp-content\/uploads\/2025\/03\/logo.png","contentUrl":"https:\/\/patagoniafresh.com\/wp-content\/uploads\/2025\/03\/logo.png","width":1066,"height":342,"caption":"Patagoniafresh"},"image":{"@id":"https:\/\/patagoniafresh.com\/#\/schema\/logo\/image\/"}}]}},"_links":{"self":[{"href":"https:\/\/patagoniafresh.com\/en\/wp-json\/wp\/v2\/pages\/326","targetHints":{"allow":["GET"]}}],"collection":[{"href":"https:\/\/patagoniafresh.com\/en\/wp-json\/wp\/v2\/pages"}],"about":[{"href":"https:\/\/patagoniafresh.com\/en\/wp-json\/wp\/v2\/types\/page"}],"author":[{"embeddable":true,"href":"https:\/\/patagoniafresh.com\/en\/wp-json\/wp\/v2\/users\/1"}],"replies":[{"embeddable":true,"href":"https:\/\/patagoniafresh.com\/en\/wp-json\/wp\/v2\/comments?post=326"}],"version-history":[{"count":18,"href":"https:\/\/patagoniafresh.com\/en\/wp-json\/wp\/v2\/pages\/326\/revisions"}],"predecessor-version":[{"id":1191,"href":"https:\/\/patagoniafresh.com\/en\/wp-json\/wp\/v2\/pages\/326\/revisions\/1191"}],"wp:featuredmedia":[{"embeddable":true,"href":"https:\/\/patagoniafresh.com\/en\/wp-json\/wp\/v2\/media\/341"}],"wp:attachment":[{"href":"https:\/\/patagoniafresh.com\/en\/wp-json\/wp\/v2\/media?parent=326"}],"curies":[{"name":"wp","href":"https:\/\/api.w.org\/{rel}","templated":true}]}}